 {"id":7212,"date":"2022-11-25T18:20:00","date_gmt":"2022-11-25T10:20:00","guid":{"rendered":"https:\/\/goetheslz.com\/shanghai\/ueber-uns\/terms-conditions\/"},"modified":"2023-02-14T11:02:57","modified_gmt":"2023-02-14T03:02:57","slug":"nutzungsbedingungen","status":"publish","type":"page","link":"https:\/\/goetheslz.com\/de\/qingdao\/ueber-uns\/nutzungsbedingungen\/","title":{"rendered":"Nutzungsbedingungen"},"content":{"rendered":"<p>1. Teilnahmebedingungen<\/p>\n<p>Der\/Die Kursteilnehmer\/in muss mindestens 16 Jahre alt sein und Alphabetisierungskenntnissebeherrschen.<\/p>\n<p>&nbsp;<\/p>\n<p>2. Zahlungsmodalit\u00e4ten<\/p>\n<p>2.1 Die Teilnehmenden verpflichten sich nach der Einschreibung die Kursgeb\u00fchren in voller H\u00f6he innerhalbder angegebenen Fristen rechtzeitig zu zahlen, sonst verlieren sie den Anspruch auf die gebuchte Leistung. Bei Einschreibung nach Ablauf der Anmeldefrist und bei versp\u00e4teter Zahlung verf\u00e4llt ggf. der Anspruch auf eine verg\u00fcnstigte Kursgeb\u00fchr.<\/p>\n<p>2.2 Direkt nach der Durchf\u00fchrung des Einstufungstests erhalten Teilnehmendeeine Einstufung \u00fcber die f\u00fcr sie zugelassene Stufe und k\u00f6nnen Zahlungs- und Anmeldeformalit\u00e4ten durchf\u00fchren. Wer die Frist \u00fcberschreitet, verliert den Anspruch auf Kursteilnahme.<\/p>\n<p>2.3 Nach der Zahlung der Kursgeb\u00fchr und rechtzeitig vor dem Kursbeginn informiert das SLZ die Kursteilnehmenden \u00fcber den Kursverlauf, die Unterrichtszeiten und den Kursraum. Kursteilnehmende sind verpflichtet, die Vorschriften zu Anmeldung und Zahlung einzuhalten.<\/p>\n<p>&nbsp;<\/p>\n<p>3. Geb\u00fchren<\/p>\n<p>3.1 Die zum Zeitpunkt der Anmeldung auf der Webseite des SLZ<br \/>\nausgeschriebenen Preise sind bindend.<\/p>\n<p>3.2 Der erste Kurswechsel (z.B. Wechsel in einen Kurs einer anderen Stufe innerhalb der gleichen Kursperiode) ist kostenfrei. Bei allen weiteren Kurswechseln erhebt das Goethe-SLZ eine zus\u00e4tzliche Geb\u00fchr in H\u00f6he von 10%der Geb\u00fchren des neuen Kurses.<\/p>\n<p>3.3 Falls Kursteilnehmende ohne Vorkenntnisse den Kursbeginn verpassen, k\u00f6nnen sie noch bis zur 15. UE in den Kurs einsteigen. Lernende mit Vorkenntnissen k\u00f6nnen bis zur 30. UE einsteigen. Jedoch muss die gesamte Kursgeb\u00fchr f\u00fcr die Kursdauer gezahlt werden.<\/p>\n<p>&nbsp;<\/p>\n<p>4. R\u00fccktritt<\/p>\n<p>4.1 Bei einem R\u00fccktritt bis 7 Tage vor Kursbeginn f\u00e4llt eine Bearbeitungsgeb\u00fchr von 10% des Kurspreises an. Bei einem R\u00fccktritt innerhalb einer Woche vordem Kursbeginn f\u00e4llt eine Geb\u00fchr von 30% des Kurspreises an. Bei einem R\u00fccktritt nach dem Kursbeginn erfolgt keine R\u00fcckerstattung der Kursgeb\u00fchr.<\/p>\n<p>4.2 Der R\u00fccktritt muss schriftlich mitgeteilt werden. Ma\u00dfgeblich f\u00fcr denZeitpunkt der R\u00fccktrittserkl\u00e4rung ist der Eingang der R\u00fccktrittserkl\u00e4rung bei uns im SLZ.<\/p>\n<p>4.3 Bei einem R\u00fccktritt wegen au\u00dfer gew\u00f6hnlicher Situationen wie schwerer Krankheit oder Naturkatastrophen werden wir nach Vorlage eines Attestes und nach R\u00fccksprachemit den Teilnehmenden \u00fcber das weitere Vorgehen entscheiden.<\/p>\n<p>&nbsp;<\/p>\n<p>5. Kurseinteilung\/Klassengr\u00f6\u00dfe<\/p>\n<p>5.1 Das SLZ weist den Kursteilnehmenden anhand der Ergebnisse aus dem Einstufungstest den f\u00fcr sie geeigneten Kurs zu.<\/p>\n<p>5.2 Kursteilnehmende mit einer erfolreich abgeschlossenen und nicht \u00e4lter als sechs monatigen Teilnahmebescheinigungaus einem anderen Goethe-Sprachlernzentren k\u00f6nnen in direkt in die n\u00e4chst h\u00f6hre Stufe<br \/>\neingeteilt werden.<\/p>\n<p>5.3 Kursteilnehmende ohne Vorkentnissek\u00f6nnen ohne Einstufungstest im A1 Kurs beginnen.<\/p>\n<p>5.4 Die Zahl der Kursteilnehmenden variiert zwischen den Kursen und den Kursperioden. Sollte bei Kursbeginn eine zu geringe Nachfrage vorliegen, beh\u00e4lt das SLZ sich das Recht vor, diesen Kurs zu annullieren oder zu verschieben. In diesem Fall haben Kursteilnehmende die M\u00f6glichkeit ggf. in einen anderen Kurs zu wechseln oder die gesamte Kursgeb\u00fchr zur\u00fcck zu erhalten.<\/p>\n<p>5.5 Ein Kurswechsel ist nach Absprache mit der Leitung des Sprachlernzentrums innerhalb der ersten Woche m\u00f6glich insofern freie Pl\u00e4tze vorhanden sind.<\/p>\n<p>5.6 Der Einstufungstest dient nur der internen Nutzung und kann von den Kursteilnehmenden nicht au\u00dferhalb des SLZ als Einstufungsempfehlung verwendet werden.<\/p>\n<p>&nbsp;<\/p>\n<p>6. Teilnahmebest\u00e4tigung<\/p>\n<p>6.1 Nur Kursteilnehmende, die mindestens 75 % der Unterrichtsstunden besucht haben,erhalten eine Teilnahmebest\u00e4tigung \u00fcber den besuchten Kurs.<\/p>\n<p>6.2 Zur Bescheinigung einer erfolgreichen Teilnahmebest\u00e4tigung muss ein Gesamtergebnis von mindestens 60% bei Kursende erreicht werden. Die Zusammensetzung des Gesamtergebnisses ergibt sich wie folgt:<\/p>\n<p>\u2022 60% Portfolioaufgaben<br \/>\n\u2022 30% Abschlusstest<br \/>\n\u2022 10% Mitarbeit<\/p>\n<p>6.3 Nur Kursteilnehmende mit einem Gesamtergebnis von mindesten 60% k\u00f6nnen in die n\u00e4chst h\u00f6hrer Kurststufe eintreten. Wenn das Gesamtergebnis unter 60% liegt, gilt der Kurs als nicht bestanden und der Kurs muss wiederholt werden. Im Einzelfall entscheidet die Leitung \u00fcber Wiederholungspr\u00fcfungen. Ein Recht auf Wiederholungspr\u00fcfung besteht nicht.<\/p>\n<p>&nbsp;<\/p>\n<p>7. Pflichten der Kursteilnehmenden<br \/>\nDie Teilnehmenden sind verpflicht, die im SLZ und im Unterrichtsgeb\u00e4ude geltenden Kursregeln, Regeln zum Gesundheitsschutz in der Corona-Zeit und die Hausordnung einzuhalten.<\/p>\n<p>7.1 Kursteilnehmene sind verpflichtet, aktiv am Unterricht teilzunehmen und p\u00fcnktlich zu erscheinen. Abwesenheiten m\u00fcssen im rechtzeitig der an diesem Tag verantwortrlichen Lehrkraft mitgeteilt werden.<\/p>\n<p>7.2 Kursteilnehmende sind verpflichtet, das Eigentum des Goethe-SLZ zu schonen. Bei Besch\u00e4digungen sind die Verursachenden gehalten, den Schaden zu ersetzen.Essen in den Unterrichtsr\u00e4umen ist nicht erlaubt.<\/p>\n<p>7.3 Es ist Kursteilnehmenden verboten, eigenm\u00e4chtig die Medienstationen in den Klassenzimmern zu verwenden. Die Verwendung muss vom Personal des SLZ erlaubt werden, und unter deren Aufsicht stattfinden. Es ist verboten, eigenm\u00e4chtig die Arbeitsr\u00e4ume des SLZ zu betreten und jegliche Ger\u00e4te darin zu verwenden.<\/p>\n<p>7.4 Die Teilnehmenden d\u00fcrfen w\u00e4hrend des Unterrichts keine Video-und Tonaufnahmen machen. Mobiltelefone d\u00fcrfen w\u00e4hrend des Unterrichts nur unter Anleitung der Lehrkr\u00e4fte verwendet werden.<\/p>\n<p>7.5 Die Teilnehmer sind w\u00e4hrend des Unterrichts f\u00fcr ihre Handlungen und ihre Wertgegenst\u00e4nde allein verantwortlich.<\/p>\n<p>7.6 Kursteilnehmer sind verpflichtet, mit Ressourcen wie Wasser, Strom usw. sparsam umzugehen, sowie Umfeld und Hygiene des Goethe-SLZ bewusst zu schonen.<\/p>\n<p>7.7 Das Rauhen in allen R\u00e4umlichkeiten des Geb\u00e4udes (inklusive WC, Gang) ist nicht erlaubt.<\/p>\n<p>7.8 Die Kursteilnehmende verpflichen sich f\u00fcr einen respektvollen Umgang gegen\u00fcber dem Personal des SLZ sowie den anderen Kursteilnehmenden. Diskriminierungen gegen\u00fcber Personen bez\u00fcglich der Herkunft, des Alters,<br \/>\ndes Geschlechts, der politischen oder religi\u00f6sen Einstellung sowie der sexuellen Orientierung sind nicht erlaubt.<br \/>\nDas SLZ h\u00e4lt sich das Recht vor bei wiederholtem Versto\u00df Teilnehmende ohne R\u00fcckerstattung der Geb\u00fchren aus den Kursen auszuschlie\u00dfen.<\/p>\n<p>&nbsp;<\/p>\n<p>8. Haftungsausschluss<\/p>\n<p>8.1 Die Haftung des SLZ und seiner Mitarbeiter ist auf Vorsatz und grobe Fahrl\u00e4ssigkeit beschr\u00e4nkt. Das SLZ haftet auch nicht f\u00fcr den Ausfall seiner Leistungen aufgrund h\u00f6herer Gewalt (z. B. Naturkatastrophen, Feuer, \u00dcberschwemmungen, Krieg, beh\u00f6rdliche Anordnung und alle anderen Umst\u00e4nde, die au\u00dferhalb unserer Kontrolle stehen).<\/p>\n<p>8.2 Das SLZ haftet nicht f\u00fcr Wertsachen der Kursteilnehmenden.<\/p>\n<p>8.3 Die Teilnehmenden haften selbst f\u00fcr die Verluste, die durch eigene Handlungen fahrl\u00e4ssig verursacht werden. Verh\u00e4lt sich der Teilnehmer physisch oder verbal aggressiv gegen\u00fcber Mitarbeitern oder anderen Teilnehmern oder st\u00f6rt absichtlich die Unterrichtsordnung, ist das SLZ berechtigt, ihnen die Teilnahme am weiteren Unterricht zu verweigern, und zwar bei gleichzeitiger Einbehaltung der Kursgeb\u00fchr.<\/p>\n<p>&nbsp;<\/p>\n<p>9. Datenschutz<\/p>\n<p>9.1 Das SLZ kann w\u00e4hrend der Anmeldung, des Kurswechsels oder R\u00fccktritts die personenbezogenen Daten im Computer speichern. Die Daten werden nicht an Dritte weitergegeben.<\/p>\n","protected":false},"excerpt":{"rendered":"<p>1. Teilnahmebedingungen Der\/Die Kursteilnehmer\/in muss mindestens 16 Jahre alt sein und Alphabetisierungskenntnissebeherrschen. &nbsp; 2. Zahlungsmodalit\u00e4ten 2.1 Die Teilnehmenden verpflichten sich nach der Einschreibung die Kursgeb\u00fchren in voller H\u00f6he innerhalbder angegebenen Fristen rechtzeitig zu zahlen, sonst verlieren sie den Anspruch auf die gebuchte Leistung. Bei Einschreibung nach Ablauf der Anmeldefrist und bei versp\u00e4teter Zahlung verf\u00e4llt ggf. [&hellip;]<\/p>\n","protected":false},"author":1,"featured_media":0,"parent":2783,"menu_order":0,"comment_status":"closed","ping_status":"closed","template":"","meta":[],"acf":[],"_links":{"self":[{"href":"https:\/\/goetheslz.com\/de\/wp-json\/wp\/v2\/pages\/7212"}],"collection":[{"href":"https:\/\/goetheslz.com\/de\/wp-json\/wp\/v2\/pages"}],"about":[{"href":"https:\/\/goetheslz.com\/de\/wp-json\/wp\/v2\/types\/page"}],"author":[{"embeddable":true,"href":"https:\/\/goetheslz.com\/de\/wp-json\/wp\/v2\/users\/1"}],"replies":[{"embeddable":true,"href":"https:\/\/goetheslz.com\/de\/wp-json\/wp\/v2\/comments?post=7212"}],"version-history":[{"count":0,"href":"https:\/\/goetheslz.com\/de\/wp-json\/wp\/v2\/pages\/7212\/revisions"}],"up":[{"embeddable":true,"href":"https:\/\/goetheslz.com\/de\/wp-json\/wp\/v2\/pages\/2783"}],"wp:attachment":[{"href":"https:\/\/goetheslz.com\/de\/wp-json\/wp\/v2\/media?parent=7212"}],"curies":[{"name":"wp","href":"https:\/\/api.w.org\/{rel}","templated":true}]}}