 {"id":7143,"date":"2022-09-22T17:33:40","date_gmt":"2022-09-22T09:33:40","guid":{"rendered":"https:\/\/goetheslz.com\/privacy-policy\/"},"modified":"2023-08-28T16:41:09","modified_gmt":"2023-08-28T08:41:09","slug":"datenschutzerklaerung","status":"publish","type":"page","link":"https:\/\/goetheslz.com\/de\/datenschutzerklaerung\/","title":{"rendered":"Datenschutzerkl\u00e4rung"},"content":{"rendered":"<p class=\"p1\"><em>Zuletzt aktualisiert: 16. August 2023<\/em><\/p>\n<p class=\"p1\">Willkommen bei den Goethe-Sprachlernzentren in China<\/p>\n<p class=\"p1\">Der Zweck dieser Datenschutz- und Cookie-Richtlinie (die &#8218;Richtlinie&#8216;) besteht darin, unser Engagement f\u00fcr den Schutz der Privatsph\u00e4re der Benutzer:innen der Website <a href=\"http:\/\/www.goetheslz.com\/\"><span class=\"s1\">www.goetheslz.com<\/span><\/a> (&#8218;Website&#8216;) sowie der Benutzer unserer Dienste (&#8218;Dienste&#8216;), unserer Partner, Lieferanten und Interessenten klar darzulegen.<\/p>\n<p class=\"p1\">Gem\u00e4\u00df den geltenden Datenschutzbestimmungen, einschlie\u00dflich der Allgemeinen Datenschutzverordnung (DSGVO), des Cybersecurity-Gesetzes der Volksrepublik China (Cybersecurity) und des Gesetzes zum Schutz personenbezogener Daten der Volksrepublik China (PIPL), k\u00f6nnen wir Ihre personenbezogenen Daten im Rahmen unserer Dienstleistungen verarbeiten, unter den nachstehend festgelegten Bedingungen.<\/p>\n<p class=\"p1\">Personenbezogene Daten beziehen sich auf Informationen \u00fcber eine identifizierte oder identifizierbare nat\u00fcrliche Person. Wir erheben und verarbeiten personenbezogene Daten ausschlie\u00dflich im Rahmen der Erbringung unserer Dienstleistungen oder der Kommunikation \u00fcber diese Dienstleistungen und halten uns streng an die Grunds\u00e4tze der DSGVO, des Cybersecurity-Gesetzes und des PIPL.<\/p>\n<p class=\"p1\">Wir erheben nur personenbezogene Daten, die angemessen, relevant und auf das f\u00fcr die jeweiligen Verarbeitungszwecke notwendige Ma\u00df beschr\u00e4nkt sind. Daher werden wir Sie niemals auffordern, sensible personenbezogene Daten wie Ihre rassische oder ethnische Herkunft, Ihre politischen oder philosophischen \u00dcberzeugungen oder Ihre religi\u00f6sen Ansichten bereitzustellen.<\/p>\n<p class=\"p1\">Durch den Zugriff auf unsere Website, die Kontaktaufnahme bez\u00fcglich unserer Dienstleistungen, die Teilnahme an unseren Veranstaltungen oder die sonstige Interaktion als unser Kunde erkl\u00e4ren Sie sich mit der Verarbeitung Ihrer personenbezogenen Daten gem\u00e4\u00df dieser Richtlinie einverstanden. Wenn Sie mit den Bedingungen dieser Richtlinie nicht einverstanden sind, bitten wir Sie, von der Nutzung der Website und unserer Dienste abzusehen.<\/p>\n<p class=\"p1\">Bitte beachten Sie, dass diese Richtlinie von Zeit zu Zeit aktualisiert werden kann und wir Sie ermutigen, sie regelm\u00e4\u00dfig zu \u00fcberpr\u00fcfen, um dar\u00fcber informiert zu bleiben, wie wir Ihre personenbezogenen Daten handhaben.<\/p>\n<p class=\"p1\">Wenn Sie Fragen oder Bedenken hinsichtlich des Datenschutzes Ihrer personenbezogenen Daten haben, kontaktieren Sie uns bitte \u00fcber die in dieser Richtlinie angegebenen Kan\u00e4le.<\/p>\n<p><b>1.In welchen F\u00e4llen erfassen wir Ihre personenbezogenen Daten und welche Daten werden erfasst?<\/b><\/p>\n<p class=\"p1\">Wir k\u00f6nnen Ihre personenbezogenen Daten erfassen und speichern, insbesondere wenn Sie: \u2022 die Website durchsuchen, \u2022 unsere Dienste nutzen, \u2022 ein Partner sind, \u2022 ein Lieferant sind, \u2022 sich f\u00fcr eine unserer Pr\u00fcfungen oder Kurse anmelden, \u2022 uns kontaktieren.<\/p>\n<p class=\"p1\">Wir verwenden Ihre personenbezogenen Daten, um den Betrieb und die Verwaltung der Website und unserer Dienste zu erleichtern, sowie um auf Ihre spezifischen Anfragen und W\u00fcnsche einzugehen. Dar\u00fcber hinaus nutzen wir Ihre personenbezogenen Daten, um unsere Dienste, Website und allgemeine Vorgehensweise zu verbessern und zu optimieren. Diese Informationen werden ausschlie\u00dflich von uns verwendet und erm\u00f6glichen es uns, unsere Dienstleistungen effektiver an Ihre Erwartungen anzupassen.<\/p>\n<p class=\"p1\">1.1 Navigation auf der Website<\/p>\n<p class=\"p1\">1.1.1. Verbindungsinformationen: Wenn Sie unsere Website aufrufen, erfassen wir bestimmte personenbezogene Daten, einschlie\u00dflich Ihrer IP-Adresse, der MAC-Adresse Ihres Computers, des Datums und der Uhrzeit Ihrer Verbindung sowie Details zum von Ihnen verwendeten Browser.<\/p>\n<p class=\"p1\">1.1.2. Browsing-Informationen: Wir sammeln auch Daten, um die Art und Weise zu identifizieren, wie Sie durch die Website navigieren, einschlie\u00dflich der von Ihnen besuchten Seiten und der Dauer Ihrer Besuche. In diesem Zusammenhang k\u00f6nnen wir Cookies verwenden, wie in Abschnitt 5 unten beschrieben.<\/p>\n<p class=\"p1\">1.2 Nutzung unserer Dienste<\/p>\n<p class=\"p1\">Wenn Sie unsere Dienste nutzen, erfassen wir personenbezogene Daten wie Ihren Namen, Ihre Telefonnummer, Ihre E-Mail-Adresse, Ihre Postanschrift und alle anderen relevanten Informationen, die f\u00fcr die Erbringung unserer Dienste erforderlich sind oder die Sie freiwillig mit uns teilen.<\/p>\n<p class=\"p1\">1.3 Partnerschaft<\/p>\n<p class=\"p1\">Im Falle einer Partnerschaftsvereinbarung, sei es schriftlich oder nicht, f\u00fcr die Erbringung bestimmter Aspekte unserer Dienstleistungen oder aus anderen Gr\u00fcnden, kann es notwendig sein, Ihre personenbezogenen Daten zu verarbeiten. Dies kann Informationen wie Ihren Namen, Ihre Telefonnummer, Ihre E-Mail-Adresse, Ihre Postanschrift und alle anderen relevanten personenbezogenen Daten umfassen, die zur Erf\u00fcllung der Verpflichtungen unserer Partnerschaft erforderlich sind.<\/p>\n<p class=\"p1\">1.4 Lieferanten<\/p>\n<p class=\"p1\">Wenn Sie einer unserer Lieferanten sind, unabh\u00e4ngig davon, ob unsere Vereinbarung schriftlich formalisiert ist oder nicht, kann es notwendig sein, Ihre personenbezogenen Daten zu verarbeiten. Dies k\u00f6nnte Informationen wie Ihren Namen, Ihre Telefonnummer, Ihre E-Mail-Adresse, Ihre Postanschrift und alle anderen relevanten personenbezogenen Daten umfassen, die zur Erf\u00fcllung der in unserer Vereinbarung festgelegten Verpflichtungen erforderlich sind.<\/p>\n<p class=\"p1\">1.5 Anmeldung zu unseren Kursen oder Pr\u00fcfungen<\/p>\n<p class=\"p1\">Wenn Sie an einem unserer Kurse oder Pr\u00fcfungen teilnehmen, ist es f\u00fcr uns notwendig, Ihre personenbezogenen Daten zu verarbeiten. Dies k\u00f6nnte Informationen wie Ihren Namen, Ihre Telefonnummer, Ihre E-Mail-Adresse, Ihre Postanschrift und alle anderen relevanten personenbezogenen Daten umfassen, die zur Verbesserung Ihrer Erfahrung notwendig sind oder die Sie freiwillig mit uns teilen, um Sie besser zu bedienen.<\/p>\n<p class=\"p1\">1.6 Kontakte<\/p>\n<p class=\"p1\">Wenn Sie sich entscheiden, uns direkt oder \u00fcber unsere Website oder unsere Social-Media-Kan\u00e4le zu kontaktieren, m\u00fcssen wir m\u00f6glicherweise die von Ihnen freiwillig zur Verf\u00fcgung gestellten personenbezogenen Daten verarbeiten. Dies kann Details wie Ihren Namen, Ihre Telefonnummer, Ihre E-Mail-Adresse, Ihre Postanschrift und alle anderen personenbezogenen Daten umfassen, die Sie freiwillig mit uns teilen. Wir werden diese Informationen gem\u00e4\u00df den geltenden Datenschutzgesetzen und -vorschriften behandeln.<\/p>\n<p><b>2. Wie sch\u00fctzen wir Ihre personenbezogenen Daten?<\/b><\/p>\n<p class=\"p1\">Wir haben umfassende technische und organisatorische Sicherheitsma\u00dfnahmen implementiert, um die Sicherheit, Integrit\u00e4t und Vertraulichkeit Ihrer personenbezogenen Daten zu gew\u00e4hrleisten. Diese Ma\u00dfnahmen sind darauf ausgelegt, unbefugten Zugriff, \u00c4nderung oder Offenlegung Ihrer Informationen zu verhindern. Wir bem\u00fchen uns, ein angemessenes Sicherheitsniveau aufrechtzuerhalten, indem wir Faktoren wie den aktuellen Kenntnisstand, Implementierungskosten, Art und Umfang der Verarbeitungst\u00e4tigkeiten sowie potenzielle Risiken und deren Wahrscheinlichkeit ber\u00fccksichtigen. Unser Ziel ist es, Ihre personenbezogenen Daten vor potenziellen Risiken oder unbefugtem Zugriff durch Dritte zu sch\u00fctzen und die Privatsph\u00e4re und Vertraulichkeit Ihrer Informationen aufrechtzuerhalten.<\/p>\n<p class=\"p1\"><b>JEDOCH WIRD KLAR GESTELLT, DASS KEINE SICHERHEITSMASSNAHME UNFEHLBAR IST UND DIE GOETHE SPRACHLERNZENTREN KEINE ABSOLUTE SICHERHEIT F\u00dcR IHRE PERSONENBEZOGENEN DATEN GARANTIEREN K\u00d6NNEN.<\/b><\/p>\n<p><b>3.In welchen F\u00e4llen geben wir Ihre personenbezogenen Daten weiter?<\/b><\/p>\n<p class=\"p1\">3.1 Weitergabe Ihrer personenbezogenen Daten an Drittunternehmen<\/p>\n<p class=\"p1\">Wenn Sie unsere Website durchsuchen, kann es erforderlich sein, Ihre personenbezogenen Daten an externe Dienstleister zu \u00fcbermitteln. Diese Dritten unterst\u00fctzen uns, indem sie Dienstleistungen wie Analysen bereitstellen. Dar\u00fcber hinaus m\u00fcssen wir Ihre personenbezogenen Daten m\u00f6glicherweise auch mit anderen von uns genutzten Dienstleistern teilen, wie z.B. Buchhaltern usw.<\/p>\n<p class=\"p1\">Zur Bearbeitung Ihrer Anfragen, zur Durchf\u00fchrung administrativer Verfahren und zur Gew\u00e4hrleistung der Hosting- und Sicherheit personenbezogener Daten unterliegt die gesamte Verarbeitung Ihrer personenbezogenen Daten dem Cybersecurity-Gesetz und dem Gesetz zum Schutz personenbezogener Daten der Volksrepublik China.<\/p>\n<p class=\"p1\">Sofern von einem Dritten nicht Ihre Zustimmung zu einer bestimmten Vertraulichkeitsrichtlinie und den Nutzungsbedingungen verlangt wird, haben sich die Drittunternehmen, die Ihre personenbezogenen Daten erhalten, verpflichtet, diese ausschlie\u00dflich f\u00fcr die Bereitstellung der Dienste zu verarbeiten. Wir werden Ihre personenbezogenen Daten niemals ohne Ihre vorherige Zustimmung an Drittunternehmen f\u00fcr Marketing- und\/oder kommerzielle Zwecke weitergeben.<\/p>\n<p><b>4.Wie lange bewahren wir Ihre personenbezogenen Daten auf?<\/b><\/p>\n<p class=\"p1\">Wir werden Ihre personenbezogenen Daten nur so lange aufbewahren, wie es zur Erbringung unserer Dienstleistungen, zur Erf\u00fcllung unserer Vereinbarungen oder zur Einhaltung der gesetzlichen Anforderungen gem\u00e4\u00df geltenden Gesetzen und Vorschriften erforderlich ist.<\/p>\n<p class=\"p1\">In jedem Fall werden wir Ihre personenbezogenen Daten nicht l\u00e4nger aufbewahren, als es f\u00fcr die Zwecke, f\u00fcr die sie verarbeitet werden, gem\u00e4\u00df dieser Richtlinie und im Einklang mit den relevanten Gesetzen und Vorschriften erforderlich ist.<\/p>\n<p><b>5.Cookies: Wie verwenden wir sie?<\/b><\/p>\n<p class=\"p1\">5.1 Was ist ein Cookie?<\/p>\n<p class=\"p1\">Ein Cookie ist eine Textdatei, die auf einem Ger\u00e4t (wie einem Computer oder einem mobilen Ger\u00e4t) platziert werden kann, wenn Sie einen Online-Dienst unter Verwendung von Webbrowser-Software aufrufen. Eine Cookie-Datei erm\u00f6glicht es dem Aussteller, w\u00e4hrend ihrer G\u00fcltigkeitsdauer das spezifische Ger\u00e4t zu erkennen, wann immer es auf digitale Inhalte zugreift, die Cookies des gleichen Ausstellers enthalten.<\/p>\n<p class=\"p1\">Es ist jedoch wichtig zu beachten, dass alle Cookies, die mit Ihrer Zustimmung auf Ihrem Ger\u00e4t platziert werden, nach der in der Cookie-Banner auf unserer Website angegebenen Dauer automatisch gel\u00f6scht werden.<\/p>\n<p class=\"p1\">5.2 Wof\u00fcr werden die Cookies auf unserer Website verwendet?<\/p>\n<p class=\"p1\">Die von uns verwendeten Cookies sind in Abschnitt 5 unten im Anpassungsbereich unseres Cookie-Banners beschrieben, der angezeigt wird, wenn Sie unsere Website zum ersten Mal durchsuchen. Sie k\u00f6nnen auch die gleichen Informationen \u00fcber die schwebende Schaltfl\u00e4che f\u00fcr die Cookie-Einstellungen abrufen, die verf\u00fcgbar wird, nachdem Sie Ihre Cookie-Pr\u00e4ferenzen aus dem Cookie-Banner gespeichert haben.<\/p>\n<p class=\"p1\">Es gibt f\u00fcnf Arten von Cookies, die verwendet werden k\u00f6nnen: notwendige Cookies, funktionale Cookies, Analyse-Cookies, Leistungs-Cookies und Werbe-Cookies. Sie haben die M\u00f6glichkeit, sich f\u00fcr oder gegen jede dieser Cookie-Arten zu entscheiden, aber bitte beachten Sie, dass notwendige Cookies f\u00fcr das Durchsuchen unserer Website unerl\u00e4sslich sind.<\/p>\n<p class=\"p1\">5.3 Wie k\u00f6nnen Sie die verwendeten Cookies steuern?<\/p>\n<p class=\"p1\">Sie haben die M\u00f6glichkeit, Ihre Einwilligung bez\u00fcglich Cookies jederzeit zu \u00e4ndern oder zu widerrufen. Dies kann im Anpassungsbereich unseres Cookie-Banners erfolgen, der angezeigt wird, wenn Sie unsere Website zum ersten Mal durchsuchen. Sie k\u00f6nnen auch Ihre Cookie-Pr\u00e4ferenzen mithilfe der schwebenden Schaltfl\u00e4che f\u00fcr die Cookie-Einstellungen verwalten, die verf\u00fcgbar wird, nachdem Sie Ihre Cookie-Pr\u00e4ferenzen aus dem Cookie-Banner gespeichert haben.<\/p>\n<p class=\"p1\">Dar\u00fcber hinaus haben Sie die M\u00f6glichkeit, die Einstellungen Ihrer Browsersoftware zu konfigurieren, um Cookies entweder auf Einzel-Cookie-Basis oder als allgemeine Einstellung f\u00fcr alle Cookies zu akzeptieren oder abzulehnen. Sie k\u00f6nnen auch Ihre Browsersoftware so konfigurieren, dass Sie vor der Speicherung eines Cookies auf Ihrem Ger\u00e4t um Ihre Zustimmung gebeten werden.<\/p>\n<p class=\"p1\">Bitte beachten Sie, dass durch das Deaktivieren oder Ablehnen von Cookies bestimmte Funktionen unserer Website beeintr\u00e4chtigt werden k\u00f6nnen und m\u00f6glicherweise nicht wie beabsichtigt funktionieren.<\/p>\n<p class=\"p1\">Wir m\u00f6chten Sie darauf hinweisen, dass wir keine Verantwortung f\u00fcr etwaige Konsequenzen \u00fcbernehmen k\u00f6nnen, die sich aus der eingeschr\u00e4nkten Funktionalit\u00e4t unserer Dienste ergeben, wenn Sie die f\u00fcr ihren Betrieb erforderlichen notwendigen Cookies abgelehnt oder gel\u00f6scht haben. Dies kann in Situationen auftreten, in denen wir (oder unsere Dienstleister) aus technischen Kompatibilit\u00e4tsgr\u00fcnden nicht in der Lage sind, den von Ihnen verwendeten Browsertyp, seine Sprach- und Anzeigeeinstellungen oder das Land, aus dem Ihr Ger\u00e4t mit dem Internet verbunden zu sein scheint, zu erkennen. Es ist wichtig zu beachten, dass bestimmte Funktionen und Funktionalit\u00e4ten unserer Dienste auf die Verwendung dieser notwendigen Cookies angewiesen sein k\u00f6nnen und das Deaktivieren oder L\u00f6schen dieser Cookies sich auf Ihre Benutzererfahrung auswirken kann.<\/p>\n<p class=\"p1\">5.4 Wie kann Ihre Navigationssoftware konfiguriert werden?<\/p>\n<p class=\"p1\">F\u00fcr die Verwaltung von Cookies und die Auswahl ihrer Verwendung beachten Sie bitte, dass der Konfigurationsprozess f\u00fcr jeden Browser unterschiedlich ist. Detaillierte Anweisungen finden Sie im Hilfe-Men\u00fc Ihres jeweiligen Browsers, das Ihnen Informationen dazu bietet, wie Sie Ihre Pr\u00e4ferenzen bez\u00fcglich Cookies \u00e4ndern k\u00f6nnen. Durch Verweis auf das Hilfe-Men\u00fc des Browsers k\u00f6nnen Sie lernen, wie Sie Ihre Cookie-Einstellungen gem\u00e4\u00df Ihren Pr\u00e4ferenzen anpassen k\u00f6nnen.<\/p>\n<p><b>6.Welche Rechte haben Sie?<\/b><\/p>\n<p class=\"p1\">Wir, als Datenverantwortliche, haben Ihnen nur die personenbezogenen Daten zur Verf\u00fcgung gestellt, die sich in unserem Besitz befinden, sei es durch unsere Vereinbarungen oder \u00fcber die Website. Als Eigent\u00fcmer Ihrer personenbezogenen Daten haben Sie gem\u00e4\u00df den Bestimmungen zum Schutz personenbezogener Daten bestimmte Rechte, insbesondere die Artikel 15 bis 22 der DSGVO und Kapitel 4 des PIPL.<\/p>\n<p class=\"p1\">Nach \u00dcberpr\u00fcfung Ihrer Identit\u00e4t haben Sie das Recht, Zugang zu den personenbezogenen Daten, die wir \u00fcber Sie speichern, anzufordern, sowie das Recht, die Berichtigung oder L\u00f6schung dieser Daten innerhalb der gesetzlichen Grenzen zu verlangen. Dar\u00fcber hinaus haben Sie das Recht, der Verarbeitung Ihrer personenbezogenen Daten zu widersprechen, ihre Verarbeitung einzuschr\u00e4nken, das Schicksal Ihrer Daten nach Ihrem Tod zu bestimmen, Ihre Einwilligung jederzeit zu widerrufen und die \u00dcbertragbarkeit der von Ihnen bereitgestellten personenbezogenen Daten zu beantragen.<\/p>\n<p class=\"p1\">Um Ihre Rechte auszu\u00fcben, k\u00f6nnen Sie uns per E-Mail unter <a href=\"mailto:inquiries@goetheslz.com\"><span class=\"s1\">inquiries@goetheslz.com<\/span><\/a> kontaktieren und eine Kopie eines Identit\u00e4tsdokuments Ihrer Anfrage beif\u00fcgen.<\/p>\n<p class=\"p1\">Wir werden gem\u00e4\u00df den geltenden Datenschutzgesetzen und -vorschriften auf Ihre Anfrage antworten.<\/p>\n<p><b>7.K\u00f6nnen wir die Richtlinie \u00e4ndern?<\/b><\/p>\n<p class=\"p2\">Wir behalten uns das Recht vor, diese Richtlinie jederzeit zu \u00e4ndern. Es wird empfohlen, sie regelm\u00e4\u00dfig zu \u00fcberpr\u00fcfen. Im Falle von \u00c4nderungen werden wir diese Seite aktualisieren und entsprechende Benachrichtigungen basierend auf Art und Umfang der \u00c4nderungen vornehmen. Indem Sie die Website nach vorgenommenen \u00c4nderungen weiterhin nutzen, geben Sie Ihre Zustimmung zu diesen \u00c4nderungen. Wenn Sie mit wesentlichen \u00c4nderungen dieser Richtlinie nicht einverstanden sind, wird empfohlen, die Nutzung der Website und unserer Dienste einzustellen.<\/p>\n","protected":false},"excerpt":{"rendered":"<p>Zuletzt aktualisiert: 16. August 2023 Willkommen bei den Goethe-Sprachlernzentren in China Der Zweck dieser Datenschutz- und Cookie-Richtlinie (die &#8218;Richtlinie&#8216;) besteht darin, unser Engagement f\u00fcr den Schutz der Privatsph\u00e4re der Benutzer:innen der Website www.goetheslz.com (&#8218;Website&#8216;) sowie der Benutzer unserer Dienste (&#8218;Dienste&#8216;), unserer Partner, Lieferanten und Interessenten klar darzulegen. Gem\u00e4\u00df den geltenden Datenschutzbestimmungen, einschlie\u00dflich der Allgemeinen Datenschutzverordnung [&hellip;]<\/p>\n","protected":false},"author":1,"featured_media":0,"parent":0,"menu_order":0,"comment_status":"closed","ping_status":"closed","template":"","meta":[],"acf":[],"_links":{"self":[{"href":"https:\/\/goetheslz.com\/de\/wp-json\/wp\/v2\/pages\/7143"}],"collection":[{"href":"https:\/\/goetheslz.com\/de\/wp-json\/wp\/v2\/pages"}],"about":[{"href":"https:\/\/goetheslz.com\/de\/wp-json\/wp\/v2\/types\/page"}],"author":[{"embeddable":true,"href":"https:\/\/goetheslz.com\/de\/wp-json\/wp\/v2\/users\/1"}],"replies":[{"embeddable":true,"href":"https:\/\/goetheslz.com\/de\/wp-json\/wp\/v2\/comments?post=7143"}],"version-history":[{"count":0,"href":"https:\/\/goetheslz.com\/de\/wp-json\/wp\/v2\/pages\/7143\/revisions"}],"wp:attachment":[{"href":"https:\/\/goetheslz.com\/de\/wp-json\/wp\/v2\/media?parent=7143"}],"curies":[{"name":"wp","href":"https:\/\/api.w.org\/{rel}","templated":true}]}}