 {"id":3683,"date":"2021-12-23T19:20:18","date_gmt":"2021-12-23T11:20:18","guid":{"rendered":"https:\/\/goetheslz.com\/about-us\/learning-methods\/"},"modified":"2023-08-07T10:53:25","modified_gmt":"2023-08-07T02:53:25","slug":"lernmethoden","status":"publish","type":"page","link":"https:\/\/goetheslz.com\/de\/ueber-uns\/lernmethoden\/","title":{"rendered":"Lernmethoden"},"content":{"rendered":"\t\t<div data-elementor-type=\"wp-page\" data-elementor-id=\"3683\" class=\"elementor elementor-3683 elementor-1036\">\n\t\t\t\t\t\t\t\t\t<section class=\"elementor-section elementor-top-section elementor-element elementor-element-0a6af82 elementor-section-boxed elementor-section-height-default elementor-section-height-default\" data-id=\"0a6af82\" data-element_type=\"section\" data-settings=\"{&quot;background_background&quot;:&quot;classic&quot;}\">\n\t\t\t\t\t\t<div class=\"elementor-container elementor-column-gap-no\">\n\t\t\t\t\t<div class=\"elementor-column elementor-col-100 elementor-top-column elementor-element elementor-element-efd5175\" data-id=\"efd5175\" data-element_type=\"column\">\n\t\t\t<div class=\"elementor-widget-wrap elementor-element-populated\">\n\t\t\t\t\t\t\t\t<div class=\"elementor-element elementor-element-75ddd12 elementor-widget elementor-widget-wp-widget-bcn_widget\" data-id=\"75ddd12\" data-element_type=\"widget\" id=\"page-breadcrumb\" data-widget_type=\"wp-widget-bcn_widget.default\">\n\t\t\t\t<div class=\"elementor-widget-container\">\n\t\t\t<div class=\"breadcrumbs\" vocab=\"https:\/\/schema.org\/\" typeof=\"BreadcrumbList\"><!-- Breadcrumb NavXT 7.2.0 -->\n<span property=\"itemListElement\" typeof=\"ListItem\"><a property=\"item\" typeof=\"WebPage\" title=\"Go to Goethe SLZ.\" href=\"https:\/\/goetheslz.com\/de\/\" class=\"home\" aria-current=\"page\"><span property=\"name\">Goethe SLZ<\/span><\/a><meta property=\"position\" content=\"1\"><\/span><\/div>\t\t<\/div>\n\t\t\t\t<\/div>\n\t\t\t\t<div class=\"elementor-element elementor-element-07d9393 elementor-widget elementor-widget-heading\" data-id=\"07d9393\" data-element_type=\"widget\" data-widget_type=\"heading.default\">\n\t\t\t\t<div class=\"elementor-widget-container\">\n\t\t\t<h1 class=\"elementor-heading-title elementor-size-default\">Lernmethoden<\/h1>\t\t<\/div>\n\t\t\t\t<\/div>\n\t\t\t\t\t<\/div>\n\t\t<\/div>\n\t\t\t\t\t\t\t<\/div>\n\t\t<\/section>\n\t\t\t\t<section class=\"elementor-section elementor-top-section elementor-element elementor-element-e2e7a9c elementor-section-boxed elementor-section-height-default elementor-section-height-default\" data-id=\"e2e7a9c\" data-element_type=\"section\" data-settings=\"{&quot;background_background&quot;:&quot;classic&quot;}\">\n\t\t\t\t\t\t<div class=\"elementor-container elementor-column-gap-no\">\n\t\t\t\t\t<div class=\"elementor-column elementor-col-66 elementor-top-column elementor-element elementor-element-7ef3ad3\" data-id=\"7ef3ad3\" data-element_type=\"column\">\n\t\t\t<div class=\"elementor-widget-wrap elementor-element-populated\">\n\t\t\t\t\t\t\t\t<div class=\"elementor-element elementor-element-9172a01 elementor-widget elementor-widget-heading\" data-id=\"9172a01\" data-element_type=\"widget\" data-widget_type=\"heading.default\">\n\t\t\t\t<div class=\"elementor-widget-container\">\n\t\t\t<h2 class=\"elementor-heading-title elementor-size-default\">Kommunikationsmittel<\/h2>\t\t<\/div>\n\t\t\t\t<\/div>\n\t\t\t\t<div class=\"elementor-element elementor-element-9db58ee elementor-widget elementor-widget-text-editor\" data-id=\"9db58ee\" data-element_type=\"widget\" data-widget_type=\"text-editor.default\">\n\t\t\t\t<div class=\"elementor-widget-container\">\n\t\t\t\t\t\t\t<p>Goethe-Sprachzentren bereiten Sie auf die tats\u00e4chliche Verwendung der deutschen Sprache im Alltag vor. In den Einstiegskursen lernen Sie, sich vorzustellen und Ihren Gespr\u00e4chspartnern Fragen zu stellen \u2013 z. B. woher sie kommen oder wo etwas ist \u2013 und diese Fragen zu beantworten .<\/p><p>\u00a0<\/p><p>Wir legen Wert darauf, Ihnen die Werkzeuge zu geben, die Ihnen helfen, vertraute, allt\u00e4gliche Ausdr\u00fccke und einfache S\u00e4tze zu verstehen, die auf die Befriedigung bestimmter Bed\u00fcrfnisse abzielen. Egal, ob Sie Deutsch aus sozialen Gr\u00fcnden oder zum beruflichen Aufstieg lernen m\u00f6chten, unsere Kurse bieten eine solide Grundlage f\u00fcr die Verwendung von Deutsch als Kommunikationsmittel.<\/p>\t\t\t\t\t\t<\/div>\n\t\t\t\t<\/div>\n\t\t\t\t<section class=\"elementor-section elementor-inner-section elementor-element elementor-element-9d10692 elementor-section-boxed elementor-section-height-default elementor-section-height-default\" data-id=\"9d10692\" data-element_type=\"section\">\n\t\t\t\t\t\t<div class=\"elementor-container elementor-column-gap-no\">\n\t\t\t\t\t<div class=\"elementor-column elementor-col-50 elementor-inner-column elementor-element elementor-element-ded473b\" data-id=\"ded473b\" data-element_type=\"column\">\n\t\t\t<div class=\"elementor-widget-wrap elementor-element-populated\">\n\t\t\t\t\t\t\t\t<div class=\"elementor-element elementor-element-4a6af21 elementor-position-top elementor-vertical-align-top elementor-widget elementor-widget-image-box\" data-id=\"4a6af21\" data-element_type=\"widget\" data-widget_type=\"image-box.default\">\n\t\t\t\t<div class=\"elementor-widget-container\">\n\t\t\t<div class=\"elementor-image-box-wrapper\"><figure class=\"elementor-image-box-img\"><img src=\"https:\/\/goetheslz.com\/wp-content\/uploads\/hear-85p.svg\" class=\"attachment-full size-full\" alt=\"\" loading=\"lazy\" \/><\/figure><div class=\"elementor-image-box-content\"><h3 class=\"elementor-image-box-title\">Wie man zuh\u00f6ren lernt<\/h3><p class=\"elementor-image-box-description\">F\u00fcr Anf\u00e4nger stellen wir einige vereinfachte Materialien zur Verf\u00fcgung, bei denen die Sprache langsamer, klarer und transkribiert ist. F\u00fcr h\u00f6here Niveaus empfehlen wir den Sch\u00fclern, sich Originalsendungen, Talkshows, Filme usw. in deutscher Sprache anzueignen. Wir empfehlen unseren Sch\u00fclern, das \u00dcbersetzen in ihre Muttersprache zu vermeiden, sich etwas anzuh\u00f6ren, das ihnen Spa\u00df macht, Ablenkungen zu beseitigen, sich Ziele zu setzen (auf Bedeutung, Ger\u00e4usche, T\u00f6ne, eine Melodie oder Betonung zu h\u00f6ren) und auf das Wesentliche zu achten.<\/p><\/div><\/div>\t\t<\/div>\n\t\t\t\t<\/div>\n\t\t\t\t\t<\/div>\n\t\t<\/div>\n\t\t\t\t<div class=\"elementor-column elementor-col-50 elementor-inner-column elementor-element elementor-element-a700b06\" data-id=\"a700b06\" data-element_type=\"column\">\n\t\t\t<div class=\"elementor-widget-wrap elementor-element-populated\">\n\t\t\t\t\t\t\t\t<div class=\"elementor-element elementor-element-ee452a0 elementor-position-top elementor-vertical-align-top elementor-widget elementor-widget-image-box\" data-id=\"ee452a0\" data-element_type=\"widget\" data-widget_type=\"image-box.default\">\n\t\t\t\t<div class=\"elementor-widget-container\">\n\t\t\t<div class=\"elementor-image-box-wrapper\"><figure class=\"elementor-image-box-img\"><img src=\"https:\/\/goetheslz.com\/wp-content\/uploads\/lips-85p.svg\" class=\"attachment-full size-full\" alt=\"\" loading=\"lazy\" \/><\/figure><div class=\"elementor-image-box-content\"><h3 class=\"elementor-image-box-title\">Wie lernt man sprechen<\/h3><p class=\"elementor-image-box-description\">Wir empfehlen unseren Sch\u00fclern, mit dem Erlernen der Vokale und Konsonanten zu beginnen. Die Vokale und Konsonanten klingen im Deutschen anders als im Englischen. Lernen Sie zuerst diese Laute, damit Sie leichter W\u00f6rter lernen und richtig aussprechen k\u00f6nnen. Lernen Sie den grundlegenden Satzbau. Machen Sie sich ein Bild davon, wie S\u00e4tze aufgebaut sind. Finden Sie Konnektoren in Ihrer Klasse oder Nachbarschaft und unterhalten Sie sich vom ersten Tag an nur in deutscher Sprache mit ihnen.<\/p><\/div><\/div>\t\t<\/div>\n\t\t\t\t<\/div>\n\t\t\t\t\t<\/div>\n\t\t<\/div>\n\t\t\t\t\t\t\t<\/div>\n\t\t<\/section>\n\t\t\t\t<section class=\"elementor-section elementor-inner-section elementor-element elementor-element-2d4580c elementor-section-boxed elementor-section-height-default elementor-section-height-default\" data-id=\"2d4580c\" data-element_type=\"section\">\n\t\t\t\t\t\t<div class=\"elementor-container elementor-column-gap-no\">\n\t\t\t\t\t<div class=\"elementor-column elementor-col-50 elementor-inner-column elementor-element elementor-element-af010ad\" data-id=\"af010ad\" data-element_type=\"column\">\n\t\t\t<div class=\"elementor-widget-wrap elementor-element-populated\">\n\t\t\t\t\t\t\t\t<div class=\"elementor-element elementor-element-4153138 elementor-position-top elementor-vertical-align-top elementor-widget elementor-widget-image-box\" data-id=\"4153138\" data-element_type=\"widget\" data-widget_type=\"image-box.default\">\n\t\t\t\t<div class=\"elementor-widget-container\">\n\t\t\t<div class=\"elementor-image-box-wrapper\"><figure class=\"elementor-image-box-img\"><img src=\"https:\/\/goetheslz.com\/wp-content\/uploads\/eye-85p.svg\" class=\"attachment-full size-full\" alt=\"\" loading=\"lazy\" \/><\/figure><div class=\"elementor-image-box-content\"><h3 class=\"elementor-image-box-title\">Wie lernt man lesen<\/h3><p class=\"elementor-image-box-description\">Versuchen Sie zu lesen, w\u00e4hrend Sie alle neuen W\u00f6rter lernen. Dies gibt Ihnen die M\u00f6glichkeit, zu \u00fcben und W\u00f6rter nachzuschlagen, die Sie nicht kennen. Lesen Sie sehr einfache B\u00fccher, wie Kinderb\u00fccher, da Sie diesen so fr\u00fch leichter folgen k\u00f6nnen. Sehen Sie sich Filme mit eingeschalteten Untertiteln an. Auf diese Weise k\u00f6nnen Sie einen Film genie\u00dfen, aber Sie werden sich auch daran gew\u00f6hnen, wie die Sprache klingt. W\u00e4hrend Sie sich den Film ansehen, k\u00f6nnen Sie W\u00f6rter und S\u00e4tze nach den Schauspielern wiederholen.<\/p><\/div><\/div>\t\t<\/div>\n\t\t\t\t<\/div>\n\t\t\t\t\t<\/div>\n\t\t<\/div>\n\t\t\t\t<div class=\"elementor-column elementor-col-50 elementor-inner-column elementor-element elementor-element-8d1f8cc\" data-id=\"8d1f8cc\" data-element_type=\"column\">\n\t\t\t<div class=\"elementor-widget-wrap elementor-element-populated\">\n\t\t\t\t\t\t\t\t<div class=\"elementor-element elementor-element-0c2aa38 elementor-position-top elementor-vertical-align-top elementor-widget elementor-widget-image-box\" data-id=\"0c2aa38\" data-element_type=\"widget\" data-widget_type=\"image-box.default\">\n\t\t\t\t<div class=\"elementor-widget-container\">\n\t\t\t<div class=\"elementor-image-box-wrapper\"><figure class=\"elementor-image-box-img\"><img src=\"https:\/\/goetheslz.com\/wp-content\/uploads\/calligraphy-85p.svg\" class=\"attachment-full size-full\" alt=\"\" loading=\"lazy\" \/><\/figure><div class=\"elementor-image-box-content\"><h3 class=\"elementor-image-box-title\">Wie lernt man schreiben<\/h3><p class=\"elementor-image-box-description\">Deutsch hat auch viele Rechtschreibregeln, aber da es nicht Ihre Muttersprache ist, kann es trotzdem ziemlich schwierig sein, Ihre Schreibf\u00e4higkeiten zu verbessern, wenn Sie nicht st\u00e4ndig \u00fcben. Wir empfehlen die besten Online-W\u00f6rterb\u00fccher wie Leo und Linguee, Online-Thesauri und die Verwendung einiger Hacks wie Spaced Repetition Systems (SRS), Mnemonics.<\/p><\/div><\/div>\t\t<\/div>\n\t\t\t\t<\/div>\n\t\t\t\t\t<\/div>\n\t\t<\/div>\n\t\t\t\t\t\t\t<\/div>\n\t\t<\/section>\n\t\t\t\t<div class=\"elementor-element elementor-element-99c1b43 elementor-widget elementor-widget-image\" data-id=\"99c1b43\" data-element_type=\"widget\" data-widget_type=\"image.default\">\n\t\t\t\t<div class=\"elementor-widget-container\">\n\t\t\t\t\t\t\t\t\t\t\t\t\t\t\t<img width=\"732\" height=\"568\" src=\"https:\/\/goetheslz.com\/wp-content\/uploads\/learning-methods.jpg\" class=\"attachment-large size-large\" alt=\"\" loading=\"lazy\" srcset=\"https:\/\/goetheslz.com\/wp-content\/uploads\/learning-methods.jpg 732w, https:\/\/goetheslz.com\/wp-content\/uploads\/learning-methods-300x233.jpg 300w\" sizes=\"(max-width: 732px) 100vw, 732px\" \/>\t\t\t\t\t\t\t\t\t\t\t\t\t\t\t<\/div>\n\t\t\t\t<\/div>\n\t\t\t\t<div class=\"elementor-element elementor-element-ad53f27 elementor-widget elementor-widget-heading\" data-id=\"ad53f27\" data-element_type=\"widget\" data-widget_type=\"heading.default\">\n\t\t\t\t<div class=\"elementor-widget-container\">\n\t\t\t<h2 class=\"elementor-heading-title elementor-size-default\">Die GER-Stufen<\/h2>\t\t<\/div>\n\t\t\t\t<\/div>\n\t\t\t\t<div class=\"elementor-element elementor-element-20705e2 elementor-widget elementor-widget-text-editor\" data-id=\"20705e2\" data-element_type=\"widget\" data-widget_type=\"text-editor.default\">\n\t\t\t\t<div class=\"elementor-widget-container\">\n\t\t\t\t\t\t\t<p>Unsere Kursstruktur folgt den Richtlinien des internationalen Gemeinsamen Europ\u00e4ischen Referenzrahmens f\u00fcr Sprachen: Lernen, Lehren, Bewerten (GER). Dieser Rahmen unterteilt die Lernenden in drei gro\u00dfe Bereiche mit jeweils zwei Unterbereichen: A1, A2, B1, B2, C1 , und C2.Jedes Niveau setzt den Ma\u00dfstab f\u00fcr Ihre deutschen Lese-, H\u00f6r-, Sprech- und Schreibf\u00e4higkeiten.<\/p><p>\u00a0<\/p><p>Die A-Niveaus entsprechen einfachen Benutzern, B-Niveaus entsprechen unabh\u00e4ngigen Benutzern und C-Niveaus entsprechen kompetenten Benutzern der deutschen Sprache. Das Goethe-Institut hat Sch\u00e4tzungen f\u00fcr die kumulierten Lernstunden angeboten, die ben\u00f6tigt werden, um jedes Niveau zu erreichen: A1 (200 Stunden), A2 (350 Stunden), B1 (650 Stunden), B2 (800 Stunden), C1 (1000 Stunden), C2 (\u00fcber 1000 Stunden).<\/p>\t\t\t\t\t\t<\/div>\n\t\t\t\t<\/div>\n\t\t\t\t<section class=\"elementor-section elementor-inner-section elementor-element elementor-element-a8c27c4 elementor-section-boxed elementor-section-height-default elementor-section-height-default\" data-id=\"a8c27c4\" data-element_type=\"section\">\n\t\t\t\t\t\t<div class=\"elementor-container elementor-column-gap-no\">\n\t\t\t\t\t<div class=\"elementor-column elementor-col-50 elementor-inner-column elementor-element elementor-element-24c7795\" data-id=\"24c7795\" data-element_type=\"column\">\n\t\t\t<div class=\"elementor-widget-wrap elementor-element-populated\">\n\t\t\t\t\t\t\t\t<div class=\"elementor-element elementor-element-6347a3d elementor-position-top elementor-vertical-align-top elementor-widget elementor-widget-image-box\" data-id=\"6347a3d\" data-element_type=\"widget\" data-widget_type=\"image-box.default\">\n\t\t\t\t<div class=\"elementor-widget-container\">\n\t\t\t<div class=\"elementor-image-box-wrapper\"><figure class=\"elementor-image-box-img\"><img src=\"https:\/\/goetheslz.com\/wp-content\/uploads\/a1-level@2x.png\" title=\"\" alt=\"\" \/><\/figure><div class=\"elementor-image-box-content\"><p class=\"elementor-image-box-description\">Kann vertraute, allt\u00e4gliche Ausdr\u00fccke und ganz einfache S\u00e4tze verstehen und verwenden, die auf die Befriedigung spezifischer Bed\u00fcrfnisse abzielen. Kann sich und andere vorstellen und Fragen \u00fcber andere Personen stellen \u2013 zB wo sie wohnen, was f\u00fcr Leute sie kennen oder was sie haben \u2013 und kann auf Fragen dieser Art antworten. Kann sich leicht verst\u00e4ndigen, wenn die andere Person langsam und deutlich spricht und bereit ist zu helfen.<\/p><\/div><\/div>\t\t<\/div>\n\t\t\t\t<\/div>\n\t\t\t\t\t<\/div>\n\t\t<\/div>\n\t\t\t\t<div class=\"elementor-column elementor-col-50 elementor-inner-column elementor-element elementor-element-cab7e51\" data-id=\"cab7e51\" data-element_type=\"column\">\n\t\t\t<div class=\"elementor-widget-wrap elementor-element-populated\">\n\t\t\t\t\t\t\t\t<div class=\"elementor-element elementor-element-77d991b elementor-position-top elementor-vertical-align-top elementor-widget elementor-widget-image-box\" data-id=\"77d991b\" data-element_type=\"widget\" data-widget_type=\"image-box.default\">\n\t\t\t\t<div class=\"elementor-widget-container\">\n\t\t\t<div class=\"elementor-image-box-wrapper\"><figure class=\"elementor-image-box-img\"><img src=\"https:\/\/goetheslz.com\/wp-content\/uploads\/a2-level@2x.png\" title=\"\" alt=\"\" \/><\/figure><div class=\"elementor-image-box-content\"><p class=\"elementor-image-box-description\">Kann S\u00e4tze und h\u00e4ufig gebrauchte Ausdr\u00fccke verstehen, die mit Bereichen von ganz unmittelbarer Bedeutung zusammenh\u00e4ngen (z. B. Informationen zur Person und Familie, Einkaufen, Arbeit, Umgebung). Kann sich in einfachen, routinem\u00e4\u00dfigen Situationen verst\u00e4ndigen, in denen es um den einfachen und direkten Austausch von Informationen \u00fcber vertraute und vertraute Dinge geht. Kann mit einfachen Mitteln seine Herkunft und Ausbildung, die unmittelbare Umgebung und Dinge im Zusammenhang mit unmittelbaren Bed\u00fcrfnissen beschreiben.<\/p><\/div><\/div>\t\t<\/div>\n\t\t\t\t<\/div>\n\t\t\t\t\t<\/div>\n\t\t<\/div>\n\t\t\t\t\t\t\t<\/div>\n\t\t<\/section>\n\t\t\t\t<section class=\"elementor-section elementor-inner-section elementor-element elementor-element-c057c4f elementor-section-boxed elementor-section-height-default elementor-section-height-default\" data-id=\"c057c4f\" data-element_type=\"section\">\n\t\t\t\t\t\t<div class=\"elementor-container elementor-column-gap-no\">\n\t\t\t\t\t<div class=\"elementor-column elementor-col-50 elementor-inner-column elementor-element elementor-element-24a6b72\" data-id=\"24a6b72\" data-element_type=\"column\">\n\t\t\t<div class=\"elementor-widget-wrap elementor-element-populated\">\n\t\t\t\t\t\t\t\t<div class=\"elementor-element elementor-element-41cc2b4 elementor-position-top elementor-vertical-align-top elementor-widget elementor-widget-image-box\" data-id=\"41cc2b4\" data-element_type=\"widget\" data-widget_type=\"image-box.default\">\n\t\t\t\t<div class=\"elementor-widget-container\">\n\t\t\t<div class=\"elementor-image-box-wrapper\"><figure class=\"elementor-image-box-img\"><img src=\"https:\/\/goetheslz.com\/wp-content\/uploads\/b1-level@2x.png\" title=\"\" alt=\"\" \/><\/figure><div class=\"elementor-image-box-content\"><p class=\"elementor-image-box-description\">Kann die Hauptpunkte verstehen, wenn klare Standardsprache verwendet wird und wenn es um vertraute Dinge aus Arbeit, Schule, Freizeit usw. geht. Kann die meisten Situationen bew\u00e4ltigen, denen man auf Reisen im Sprachgebiet begegnet. Kann sich einfach und zusammenh\u00e4ngend \u00fcber vertraute Themen und pers\u00f6nliche Interessengebiete \u00e4u\u00dfern. Kann \u00fcber Erfahrungen und Ereignisse berichten, Tr\u00e4ume, Hoffnungen und Ziele beschreiben und Pl\u00e4ne und Ansichten kurz begr\u00fcnden oder erl\u00e4utern<\/p><\/div><\/div>\t\t<\/div>\n\t\t\t\t<\/div>\n\t\t\t\t\t<\/div>\n\t\t<\/div>\n\t\t\t\t<div class=\"elementor-column elementor-col-50 elementor-inner-column elementor-element elementor-element-2ceaca9\" data-id=\"2ceaca9\" data-element_type=\"column\">\n\t\t\t<div class=\"elementor-widget-wrap elementor-element-populated\">\n\t\t\t\t\t\t\t\t<div class=\"elementor-element elementor-element-1f0dd0e elementor-position-top elementor-vertical-align-top elementor-widget elementor-widget-image-box\" data-id=\"1f0dd0e\" data-element_type=\"widget\" data-widget_type=\"image-box.default\">\n\t\t\t\t<div class=\"elementor-widget-container\">\n\t\t\t<div class=\"elementor-image-box-wrapper\"><figure class=\"elementor-image-box-img\"><img src=\"https:\/\/goetheslz.com\/wp-content\/uploads\/b2-level@2x.png\" title=\"\" alt=\"\" \/><\/figure><div class=\"elementor-image-box-content\"><p class=\"elementor-image-box-description\">Kann die Hauptinhalte komplexer Texte zu konkreten und abstrakten Themen verstehen; versteht auch Fachdiskussionen im eigenen Fachgebiet. Kann sich so spontan und flie\u00dfend verst\u00e4ndigen, dass ein normales Gespr\u00e4ch mit Muttersprachlern ohne gro\u00dfe Anstrengung auf beiden Seiten m\u00f6glich ist. Kann sich zu einem breiten Themenspektrum klar und detailliert ausdr\u00fccken, einen Standpunkt zu einer aktuellen Frage erl\u00e4utern und die Vor- und Nachteile verschiedener M\u00f6glichkeiten angeben.<\/p><\/div><\/div>\t\t<\/div>\n\t\t\t\t<\/div>\n\t\t\t\t\t<\/div>\n\t\t<\/div>\n\t\t\t\t\t\t\t<\/div>\n\t\t<\/section>\n\t\t\t\t<section class=\"elementor-section elementor-inner-section elementor-element elementor-element-611f3aa elementor-section-boxed elementor-section-height-default elementor-section-height-default\" data-id=\"611f3aa\" data-element_type=\"section\">\n\t\t\t\t\t\t<div class=\"elementor-container elementor-column-gap-no\">\n\t\t\t\t\t<div class=\"elementor-column elementor-col-50 elementor-inner-column elementor-element elementor-element-2ca7d8a\" data-id=\"2ca7d8a\" data-element_type=\"column\">\n\t\t\t<div class=\"elementor-widget-wrap elementor-element-populated\">\n\t\t\t\t\t\t\t\t<div class=\"elementor-element elementor-element-3fbabee elementor-position-top elementor-vertical-align-top elementor-widget elementor-widget-image-box\" data-id=\"3fbabee\" data-element_type=\"widget\" data-widget_type=\"image-box.default\">\n\t\t\t\t<div class=\"elementor-widget-container\">\n\t\t\t<div class=\"elementor-image-box-wrapper\"><figure class=\"elementor-image-box-img\"><img src=\"https:\/\/goetheslz.com\/wp-content\/uploads\/c1-level@2x.png\" title=\"\" alt=\"\" \/><\/figure><div class=\"elementor-image-box-content\"><p class=\"elementor-image-box-description\">Kann ein breites Spektrum anspruchsvoller, l\u00e4ngerer Texte verstehen und auch implizite Bedeutungen erfassen. Kann sich spontan und flie\u00dfend ausdr\u00fccken, ohne deutlicher nach Worten suchen zu m\u00fcssen. Kann Sprache im gesellschaftlichen und beruflichen Leben oder in Ausbildung und Studium effektiv und flexibel einsetzen. Kann sich zu komplexen Sachverhalten klar, strukturiert und detailliert ausdr\u00fccken und verschiedene Mittel der Textverlinkung angemessen einsetzen.<\/p><\/div><\/div>\t\t<\/div>\n\t\t\t\t<\/div>\n\t\t\t\t\t<\/div>\n\t\t<\/div>\n\t\t\t\t<div class=\"elementor-column elementor-col-50 elementor-inner-column elementor-element elementor-element-f8a8ffd\" data-id=\"f8a8ffd\" data-element_type=\"column\">\n\t\t\t<div class=\"elementor-widget-wrap elementor-element-populated\">\n\t\t\t\t\t\t\t\t<div class=\"elementor-element elementor-element-e09f364 elementor-position-top elementor-vertical-align-top elementor-widget elementor-widget-image-box\" data-id=\"e09f364\" data-element_type=\"widget\" data-widget_type=\"image-box.default\">\n\t\t\t\t<div class=\"elementor-widget-container\">\n\t\t\t<div class=\"elementor-image-box-wrapper\"><figure class=\"elementor-image-box-img\"><img src=\"https:\/\/goetheslz.com\/wp-content\/uploads\/c2-level@2x.png\" title=\"\" alt=\"\" \/><\/figure><div class=\"elementor-image-box-content\"><p class=\"elementor-image-box-description\">Kann praktisch alles, was er\/sie liest oder h\u00f6rt, m\u00fchelos verstehen. Kann Informationen aus verschiedenen schriftlichen und m\u00fcndlichen Quellen zusammenfassen und Begr\u00fcndungen und Erkl\u00e4rungen in einer zusammenh\u00e4ngenden Darstellung wiedergeben. Kann sich spontan, sehr fl\u00fcssig und genau ausdr\u00fccken und auch bei komplexeren Sachverhalten feinere Bedeutungsnuancen deutlich machen.<\/p><\/div><\/div>\t\t<\/div>\n\t\t\t\t<\/div>\n\t\t\t\t\t<\/div>\n\t\t<\/div>\n\t\t\t\t\t\t\t<\/div>\n\t\t<\/section>\n\t\t\t\t\t<\/div>\n\t\t<\/div>\n\t\t\t\t<div class=\"elementor-column elementor-col-33 elementor-top-column elementor-element elementor-element-b996494\" data-id=\"b996494\" data-element_type=\"column\">\n\t\t\t<div class=\"elementor-widget-wrap elementor-element-populated\">\n\t\t\t\t\t\t\t\t<div class=\"elementor-element elementor-element-d5052b1 elementor-widget elementor-widget-heading\" data-id=\"d5052b1\" data-element_type=\"widget\" data-widget_type=\"heading.default\">\n\t\t\t\t<div class=\"elementor-widget-container\">\n\t\t\t<h2 class=\"elementor-heading-title elementor-size-default\">FAQ<\/h2>\t\t<\/div>\n\t\t\t\t<\/div>\n\t\t\t\t<div class=\"elementor-element elementor-element-1be1cce elementor-widget elementor-widget-text-editor\" data-id=\"1be1cce\" data-element_type=\"widget\" data-widget_type=\"text-editor.default\">\n\t\t\t\t<div class=\"elementor-widget-container\">\n\t\t\t\t\t\t\t<p><a href=\"\/de\/ueber-uns\/oft-gestellte-fragen\/#faq-getting-started\">Erste Schritte<\/a><\/p><p><a href=\"\/de\/ueber-uns\/oft-gestellte-fragen\/#faq-registration-payment\">Anmeldung und Zahlung<\/a><\/p><p><a href=\"\/de\/ueber-uns\/oft-gestellte-fragen\/#faq-misc-topics\">Allgemeines<\/a><\/p>\t\t\t\t\t\t<\/div>\n\t\t\t\t<\/div>\n\t\t\t\t\t<\/div>\n\t\t<\/div>\n\t\t\t\t\t\t\t<\/div>\n\t\t<\/section>\n\t\t\t\t\t\t\t<\/div>\n\t\t","protected":false},"excerpt":{"rendered":"<p>Lernmethoden Kommunikationsmittel Goethe-Sprachzentren bereiten Sie auf die tats\u00e4chliche Verwendung der deutschen Sprache im Alltag vor. In den Einstiegskursen lernen Sie, sich vorzustellen und Ihren Gespr\u00e4chspartnern Fragen zu stellen \u2013 z. B. woher sie kommen oder wo etwas ist \u2013 und diese Fragen zu beantworten . \u00a0 Wir legen Wert darauf, Ihnen die Werkzeuge zu geben, [&hellip;]<\/p>\n","protected":false},"author":1,"featured_media":0,"parent":2931,"menu_order":0,"comment_status":"closed","ping_status":"closed","template":"elementor_header_footer","meta":[],"acf":[],"_links":{"self":[{"href":"https:\/\/goetheslz.com\/de\/wp-json\/wp\/v2\/pages\/3683"}],"collection":[{"href":"https:\/\/goetheslz.com\/de\/wp-json\/wp\/v2\/pages"}],"about":[{"href":"https:\/\/goetheslz.com\/de\/wp-json\/wp\/v2\/types\/page"}],"author":[{"embeddable":true,"href":"https:\/\/goetheslz.com\/de\/wp-json\/wp\/v2\/users\/1"}],"replies":[{"embeddable":true,"href":"https:\/\/goetheslz.com\/de\/wp-json\/wp\/v2\/comments?post=3683"}],"version-history":[{"count":0,"href":"https:\/\/goetheslz.com\/de\/wp-json\/wp\/v2\/pages\/3683\/revisions"}],"up":[{"embeddable":true,"href":"https:\/\/goetheslz.com\/de\/wp-json\/wp\/v2\/pages\/2931"}],"wp:attachment":[{"href":"https:\/\/goetheslz.com\/de\/wp-json\/wp\/v2\/media?parent=3683"}],"curies":[{"name":"wp","href":"https:\/\/api.w.org\/{rel}","templated":true}]}}